{"id":10,"date":"2024-05-20T16:40:35","date_gmt":"2024-05-20T16:40:35","guid":{"rendered":"https:\/\/nutralco.com\/home\/?page_id=10"},"modified":"2025-12-15T21:03:08","modified_gmt":"2025-12-15T21:03:08","slug":"nosotros","status":"publish","type":"page","link":"https:\/\/nutralco.com\/home\/nosotros\/","title":{"rendered":"Nosotros"},"content":{"rendered":"\t\t<div data-elementor-type=\"wp-page\" data-elementor-id=\"10\" class=\"elementor elementor-10\">\n\t\t\t\t<div class=\"elementor-element elementor-element-88d7f69 e-flex e-con-boxed e-con e-parent\" data-id=\"88d7f69\" data-element_type=\"container\">\n\t\t\t\t\t<div class=\"e-con-inner\">\n\t\t\t\t<div class=\"elementor-element elementor-element-6d88d85 elementor-widget elementor-widget-text-editor\" data-id=\"6d88d85\" data-element_type=\"widget\" data-widget_type=\"text-editor.default\">\n\t\t\t\t<div class=\"elementor-widget-container\">\n\t\t\t\t\t\t\t\t\t<h2 style=\"text-align: center;\"><strong>Nosotros<\/strong><\/h2>\t\t\t\t\t\t\t\t<\/div>\n\t\t\t\t<\/div>\n\t\t\t\t\t<\/div>\n\t\t\t\t<\/div>\n\t\t<div class=\"elementor-element elementor-element-5b1079e e-flex e-con-boxed e-con e-parent\" data-id=\"5b1079e\" data-element_type=\"container\">\n\t\t\t\t\t<div class=\"e-con-inner\">\n\t\t\t\t<div class=\"elementor-element elementor-element-42b9740 elementor-widget elementor-widget-text-editor\" data-id=\"42b9740\" data-element_type=\"widget\" data-widget_type=\"text-editor.default\">\n\t\t\t\t<div class=\"elementor-widget-container\">\n\t\t\t\t\t\t\t\t\t<p>Somos una compa\u00f1\u00eda Colombiana impulsada por el conocimiento y la precisi\u00f3n en el abastecimiento de materias primas. El pilar fundamental de nuestra operaci\u00f3n es nuestro talento humano: un grupo de especialistas veteranos que dominan la cadena de suministro global y la normativa local. Esta experiencia acumulada nos permite seleccionar y entregar insumos que cumplen con los m\u00e1s rigurosos est\u00e1ndares internacionales, asegurando que la experiencia t\u00e9cnica de nuestro equipo se traduzca en calidad y eficiencia para cada uno de nuestros aliados comerciales<\/p>\t\t\t\t\t\t\t\t<\/div>\n\t\t\t\t<\/div>\n\t\t\t\t\t<\/div>\n\t\t\t\t<\/div>\n\t\t\t\t<\/div>\n\t\t","protected":false},"excerpt":{"rendered":"<p>Nosotros Somos una compa\u00f1\u00eda Colombiana impulsada por el conocimiento y la precisi\u00f3n en el abastecimiento de materias primas. El pilar fundamental de nuestra operaci\u00f3n es nuestro talento humano: un grupo de especialistas veteranos que dominan la cadena de suministro global y la normativa local. Esta experiencia acumulada nos permite seleccionar y entregar insumos que cumplen&hellip;&nbsp;<a href=\"https:\/\/nutralco.com\/home\/nosotros\/\" rel=\"bookmark\">Read More &raquo;<span class=\"screen-reader-text\">Nosotros<\/span><\/a><\/p>\n","protected":false},"author":1,"featured_media":0,"parent":0,"menu_order":0,"comment_status":"closed","ping_status":"closed","template":"elementor_header_footer","meta":{"neve_meta_sidebar":"","neve_meta_container":"","neve_meta_enable_content_width":"on","neve_meta_content_width":100,"neve_meta_title_alignment":"","neve_meta_author_avatar":"","neve_post_elements_order":"","neve_meta_disable_header":"","neve_meta_disable_footer":"","neve_meta_disable_title":"on","neve_meta_reading_time":"","ngg_post_thumbnail":0,"footnotes":""},"class_list":["post-10","page","type-page","status-publish","hentry"],"_links":{"self":[{"href":"https:\/\/nutralco.com\/home\/wp-json\/wp\/v2\/pages\/10","targetHints":{"allow":["GET"]}}],"collection":[{"href":"https:\/\/nutralco.com\/home\/wp-json\/wp\/v2\/pages"}],"about":[{"href":"https:\/\/nutralco.com\/home\/wp-json\/wp\/v2\/types\/page"}],"author":[{"embeddable":true,"href":"https:\/\/nutralco.com\/home\/wp-json\/wp\/v2\/users\/1"}],"replies":[{"embeddable":true,"href":"https:\/\/nutralco.com\/home\/wp-json\/wp\/v2\/comments?post=10"}],"version-history":[{"count":23,"href":"https:\/\/nutralco.com\/home\/wp-json\/wp\/v2\/pages\/10\/revisions"}],"predecessor-version":[{"id":592,"href":"https:\/\/nutralco.com\/home\/wp-json\/wp\/v2\/pages\/10\/revisions\/592"}],"wp:attachment":[{"href":"https:\/\/nutralco.com\/home\/wp-json\/wp\/v2\/media?parent=10"}],"curies":[{"name":"wp","href":"https:\/\/api.w.org\/{rel}","templated":true}]}}